{"id":24,"date":"2018-03-19T16:30:31","date_gmt":"2018-03-19T16:30:31","guid":{"rendered":"https:\/\/demo.cocobasic.com\/kapena-wp\/?page_id=24"},"modified":"2026-02-17T12:07:31","modified_gmt":"2026-02-17T11:07:31","slug":"home","status":"publish","type":"page","link":"https:\/\/browarnicy.pl\/","title":{"rendered":""},"content":{"rendered":"\n<div class=\"wp-block-media-text is-stacked-on-mobile\" style=\"grid-template-columns:44% auto\"><figure class=\"wp-block-media-text__media\"><img loading=\"lazy\" decoding=\"async\" width=\"500\" height=\"150\" src=\"https:\/\/browarnicy.pl\/wp-content\/uploads\/2023\/12\/Michal-Kopec-zaprasza-na-t7.png\" alt=\"\" class=\"wp-image-320 size-full\" srcset=\"https:\/\/browarnicy.pl\/wp-content\/uploads\/2023\/12\/Michal-Kopec-zaprasza-na-t7.png 500w, https:\/\/browarnicy.pl\/wp-content\/uploads\/2023\/12\/Michal-Kopec-zaprasza-na-t7-300x90.png 300w\" sizes=\"auto, (max-width: 500px) 100vw, 500px\" \/><\/figure><div class=\"wp-block-media-text__content\">\n<p class=\"has-text-align-center\">Wyk\u0142ady i prelekcje o historii piwowarstwa, szkolenia specjalistyczne.<\/p>\n<\/div><\/div>\n\n\n<\/div><div class=\"full-page-width center-relative\"><div id=\"portfolio-wrapper\"><div class=\"clear\"><\/div><\/div><div class = \"block center-relative center-text more-posts-portfolio-holder scroll\"><a target = \"_self\" class = \"more-posts-portfolio\">LOAD MORE<\/a><a class = \"more-posts-portfolio-loading\">LOADING<\/a><a class = \"no-more-posts-portfolio\">NO MORE<\/a><\/div><\/div><div class=\"content-1170 center-relative\">\n\n\n<figure class=\"wp-block-pullquote\" style=\"border-style:none;border-width:0px;border-radius:0px;font-size:15px;font-style:normal;font-weight:400\"><blockquote><p><\/p><cite><em>\u0106wiczymy zmys\u0142y wzroku, w\u0119chu, a nawet s\u0142uchu.<\/em><br><em>Zaskakujemy piwnymi ciekawostkami. Obalamy piwne mity.<\/em><br><br><em>W towarzystwie do\u015bwiadczonego specjalisty.<\/em><br><em>Na spotkaniach firmowych, integracyjnych, bankietach, jubileuszach, galach,<\/em><br><em>konferencjach, targach, ale r\u00f3wnie\u017c na domowych prywatkach.<\/em><br><br><\/cite><\/blockquote><\/figure>\n\n\n\n<hr class=\"wp-block-separator has-alpha-channel-opacity\"\/>\n\n\n\n<hr class=\"wp-block-separator has-alpha-channel-opacity\"\/>\n\n\n\n<p><\/p>\n","protected":false},"excerpt":{"rendered":"<p>Wyk\u0142ady i prelekcje o historii piwowarstwa, szkolenia specjalistyczne. \u0106wiczymy zmys\u0142y wzroku, w\u0119chu, a nawet s\u0142uchu.Zaskakujemy piwnymi ciekawostkami. Obalamy piwne mity. &#8230;<\/p>\n","protected":false},"author":1,"featured_media":0,"parent":0,"menu_order":0,"comment_status":"closed","ping_status":"closed","template":"","meta":{"footnotes":""},"class_list":["post-24","page","type-page","status-publish","hentry"],"_links":{"self":[{"href":"https:\/\/browarnicy.pl\/index.php?rest_route=\/wp\/v2\/pages\/24","targetHints":{"allow":["GET"]}}],"collection":[{"href":"https:\/\/browarnicy.pl\/index.php?rest_route=\/wp\/v2\/pages"}],"about":[{"href":"https:\/\/browarnicy.pl\/index.php?rest_route=\/wp\/v2\/types\/page"}],"author":[{"embeddable":true,"href":"https:\/\/browarnicy.pl\/index.php?rest_route=\/wp\/v2\/users\/1"}],"replies":[{"embeddable":true,"href":"https:\/\/browarnicy.pl\/index.php?rest_route=%2Fwp%2Fv2%2Fcomments&post=24"}],"version-history":[{"count":53,"href":"https:\/\/browarnicy.pl\/index.php?rest_route=\/wp\/v2\/pages\/24\/revisions"}],"predecessor-version":[{"id":429,"href":"https:\/\/browarnicy.pl\/index.php?rest_route=\/wp\/v2\/pages\/24\/revisions\/429"}],"wp:attachment":[{"href":"https:\/\/browarnicy.pl\/index.php?rest_route=%2Fwp%2Fv2%2Fmedia&parent=24"}],"curies":[{"name":"wp","href":"https:\/\/api.w.org\/{rel}","templated":true}]}}